{"id":172,"date":"2026-04-06T11:17:42","date_gmt":"2026-04-06T11:17:42","guid":{"rendered":"https:\/\/zbr24.pl\/mechanik\/?page_id=172"},"modified":"2026-04-08T17:48:16","modified_gmt":"2026-04-08T17:48:16","slug":"cennik","status":"publish","type":"page","link":"https:\/\/zbr24.pl\/mechanik\/cennik\/","title":{"rendered":"Cennik"},"content":{"rendered":"\t\t<div data-elementor-type=\"wp-page\" data-elementor-id=\"172\" class=\"elementor elementor-172\">\n\t\t\t\t<div class=\"elementor-element elementor-element-1d6528e e-flex e-con-boxed e-con e-parent\" data-id=\"1d6528e\" data-element_type=\"container\" data-e-type=\"container\">\n\t\t\t\t\t<div class=\"e-con-inner\">\n\t\t\t\t<div class=\"elementor-element elementor-element-20868e8 elementor-widget elementor-widget-elementskit-tablepress\" data-id=\"20868e8\" data-element_type=\"widget\" data-e-type=\"widget\" data-widget_type=\"elementskit-tablepress.default\">\n\t\t\t\t<div class=\"elementor-widget-container\">\n\t\t\t\t\t<div class=\"elemenetskit-tablepress ekit-wid-con\" id=\"ekit_tablepress_20868e8\">\n<table id=\"tablepress-1\" class=\"tablepress tablepress-id-1\">\n<thead>\n<tr class=\"row-1\">\n\t<th class=\"column-1\"><strong>Us\u0142uga<\/strong><\/th><th class=\"column-2\"><strong>Zakres cen<\/strong><\/th><th class=\"column-3\"><strong>Czas naprawy<\/strong><\/th>\n<\/tr>\n<\/thead>\n<tbody class=\"row-striping row-hover\">\n<tr class=\"row-2\">\n\t<td class=\"column-1\">Wymiana klock\u00f3w hamulcowych<\/td><td class=\"column-2\">180-360 z\u0142<\/td><td class=\"column-3\">2h<\/td>\n<\/tr>\n<tr class=\"row-3\">\n\t<td class=\"column-1\">Naprawa uk\u0142adu hamulcowego<\/td><td class=\"column-2\">250-460 z\u0142<\/td><td class=\"column-3\">4h<\/td>\n<\/tr>\n<tr class=\"row-4\">\n\t<td class=\"column-1\">Diagnoza Check-Engine<\/td><td class=\"column-2\">160-560 z\u0142<\/td><td class=\"column-3\">2h<\/td>\n<\/tr>\n<tr class=\"row-5\">\n\t<td class=\"column-1\">Wymiana oleju<\/td><td class=\"column-2\">60-150 z\u0142<\/td><td class=\"column-3\">40min<\/td>\n<\/tr>\n<tr class=\"row-6\">\n\t<td class=\"column-1\">Wymiana filtr\u00f3w<\/td><td class=\"column-2\">60-90 z\u0142<\/td><td class=\"column-3\">40min<\/td>\n<\/tr>\n<tr class=\"row-7\">\n\t<td class=\"column-1\">Naprawa wahacza<\/td><td class=\"column-2\">600-800 z\u0142<\/td><td class=\"column-3\">3h<\/td>\n<\/tr>\n<tr class=\"row-8\">\n\t<td class=\"column-1\">Wymiana akumulatora<\/td><td class=\"column-2\">20-30z\u0142<\/td><td class=\"column-3\">15min<\/td>\n<\/tr>\n<tr class=\"row-9\">\n\t<td class=\"column-1\">Tunning wizualny<\/td><td class=\"column-2\">1600-4500 z\u0142<\/td><td class=\"column-3\">8h<\/td>\n<\/tr>\n<tr class=\"row-10\">\n\t<td class=\"column-1\">Lakierowanie<\/td><td class=\"column-2\">od 500 z\u0142 za element<\/td><td class=\"column-3\">48h<\/td>\n<\/tr>\n<\/tbody>\n<\/table>\n<!-- #tablepress-1 from cache --><\/div>\t\t\t\t<\/div>\n\t\t\t\t<\/div>\n\t\t\t\t\t<\/div>\n\t\t\t\t<\/div>\n\t\t\t\t<\/div>\n\t\t","protected":false},"excerpt":{"rendered":"<p>Edytuj Us\u0142uga Zakres cen Czas naprawy Wymiana klock\u00f3w hamulcowych 180-360 z\u0142 2h Naprawa uk\u0142adu hamulcowego 250-460 z\u0142 4h Diagnoza Check-Engine [&hellip;]<\/p>\n","protected":false},"author":1,"featured_media":0,"parent":0,"menu_order":0,"comment_status":"closed","ping_status":"closed","template":"","meta":{"site-sidebar-layout":"no-sidebar","site-content-layout":"","ast-site-content-layout":"full-width-container","site-content-style":"default","site-sidebar-style":"default","ast-global-header-display":"","ast-banner-title-visibility":"","ast-main-header-display":"","ast-hfb-above-header-display":"","ast-hfb-below-header-display":"","ast-hfb-mobile-header-display":"","site-post-title":"disabled","ast-breadcrumbs-content":"","ast-featured-img":"disabled","footer-sml-layout":"","ast-disable-related-posts":"","theme-transparent-header-meta":"default","adv-header-id-meta":"","stick-header-meta":"","header-above-stick-meta":"","header-main-stick-meta":"","header-below-stick-meta":"","astra-migrate-meta-layouts":"set","ast-page-background-enabled":"default","ast-page-background-meta":{"desktop":{"background-color":"var(--ast-global-color-5)","background-image":"","background-repeat":"repeat","background-position":"center center","background-size":"auto","background-attachment":"scroll","background-type":"","background-media":"","overlay-type":"","overlay-color":"","overlay-opacity":"","overlay-gradient":""},"tablet":{"background-color":"","background-image":"","background-repeat":"repeat","background-position":"center center","background-size":"auto","background-attachment":"scroll","background-type":"","background-media":"","overlay-type":"","overlay-color":"","overlay-opacity":"","overlay-gradient":""},"mobile":{"background-color":"","background-image":"","background-repeat":"repeat","background-position":"center center","background-size":"auto","background-attachment":"scroll","background-type":"","background-media":"","overlay-type":"","overlay-color":"","overlay-opacity":"","overlay-gradient":""}},"ast-content-background-meta":{"desktop":{"background-color":"var(--ast-global-color-4)","background-image":"","background-repeat":"repeat","background-position":"center center","background-size":"auto","background-attachment":"scroll","background-type":"","background-media":"","overlay-type":"","overlay-color":"","overlay-opacity":"","overlay-gradient":""},"tablet":{"background-color":"var(--ast-global-color-4)","background-image":"","background-repeat":"repeat","background-position":"center center","background-size":"auto","background-attachment":"scroll","background-type":"","background-media":"","overlay-type":"","overlay-color":"","overlay-opacity":"","overlay-gradient":""},"mobile":{"background-color":"var(--ast-global-color-4)","background-image":"","background-repeat":"repeat","background-position":"center center","background-size":"auto","background-attachment":"scroll","background-type":"","background-media":"","overlay-type":"","overlay-color":"","overlay-opacity":"","overlay-gradient":""}},"footnotes":""},"class_list":["post-172","page","type-page","status-publish","hentry"],"_links":{"self":[{"href":"https:\/\/zbr24.pl\/mechanik\/wp-json\/wp\/v2\/pages\/172","targetHints":{"allow":["GET"]}}],"collection":[{"href":"https:\/\/zbr24.pl\/mechanik\/wp-json\/wp\/v2\/pages"}],"about":[{"href":"https:\/\/zbr24.pl\/mechanik\/wp-json\/wp\/v2\/types\/page"}],"author":[{"embeddable":true,"href":"https:\/\/zbr24.pl\/mechanik\/wp-json\/wp\/v2\/users\/1"}],"replies":[{"embeddable":true,"href":"https:\/\/zbr24.pl\/mechanik\/wp-json\/wp\/v2\/comments?post=172"}],"version-history":[{"count":9,"href":"https:\/\/zbr24.pl\/mechanik\/wp-json\/wp\/v2\/pages\/172\/revisions"}],"predecessor-version":[{"id":386,"href":"https:\/\/zbr24.pl\/mechanik\/wp-json\/wp\/v2\/pages\/172\/revisions\/386"}],"wp:attachment":[{"href":"https:\/\/zbr24.pl\/mechanik\/wp-json\/wp\/v2\/media?parent=172"}],"curies":[{"name":"wp","href":"https:\/\/api.w.org\/{rel}","templated":true}]}}